{"id":4704,"date":"2021-09-24T10:25:59","date_gmt":"2021-09-24T08:25:59","guid":{"rendered":"https:\/\/abogados-penalistas-granda.com\/?post_type=product&#038;p=4704"},"modified":"2023-05-31T11:37:10","modified_gmt":"2023-05-31T09:37:10","slug":"consulta","status":"publish","type":"product","link":"https:\/\/abogados-penalistas-granda.com\/it\/producto\/consulta\/","title":{"rendered":"Consulta"},"content":{"rendered":"<p>Realice su consulta con Nuria Granda, titular del despacho de abogados penalistas en Madrid \u201cGranda y Asociados\u201d. Realice la compra de su consulta y ll\u00e1menos para agendar su consulta en un plazo m\u00e1ximo de 48h.<\/p>\n<p>Nuria Granda es la \u00fanica abogada penalista que habla cuatro idiomas y trabaja no solo en Espa\u00f1a sino en toda Europa, un plus a\u00f1adido en su despacho. Actualmente es abogada penalista a nivel internacional.<\/p>\n<p>Su formaci\u00f3n acad\u00e9mica es muy amplia, se licenci\u00f3 en Derecho en la Universidad Aut\u00f3noma de Madrid con la promoci\u00f3n de Su Majestad el Rey de Espa\u00f1a su alteza real Don Felipe VI de Borb\u00f3n y Grecia, realiz\u00f3 los Cursos de Doctorado en la citada Universidad Aut\u00f3noma de Madrid. Posee m\u00e1s de 34 t\u00edtulos y certificados jur\u00eddicos.<\/p>\n<p>El despacho de abogados penalistas \u00abGranda y Asociados\u00bb fue creado por ella en 1.994, en el barrio de San Blas, donde comenz\u00f3 defendiendo gran n\u00famero de delitos contra de tr\u00e1fico de drogas, la salud p\u00fablica, robos con fuerza y hurtos, robos con violencia o intimidaci\u00f3n especializ\u00e1ndose en ellos dado el gran n\u00famero de casos que defendi\u00f3.<\/p>\n","protected":false},"excerpt":{"rendered":"<p>Realice su consulta con Nuria Granda, titular del despacho de abogados penalistas en Madrid \u201cGranda y Asociados\u201d. Realice la compra de su consulta y ll\u00e1menos para agendar su consulta en un plazo m\u00e1ximo de 48h. Nuria Granda es la \u00fanica abogada penalista que habla cuatro idiomas y trabaja no solo en Espa\u00f1a sino en toda &#8230; <a title=\"Consulta\" class=\"read-more\" href=\"https:\/\/abogados-penalistas-granda.com\/it\/producto\/consulta\/\" aria-label=\"More on Consulta\">Leggi tutto<\/a><\/p>\n","protected":false},"featured_media":4073,"template":"","meta":[],"product_brand":[],"product_cat":[250],"product_tag":[],"class_list":{"0":"post-4704","1":"product","2":"type-product","3":"status-publish","4":"has-post-thumbnail","6":"product_cat-servicio","7":"sales-flash-overlay","8":"woocommerce-text-align-center","9":"woocommerce-image-align-center","10":"do-quantity-buttons","11":"post","13":"first","14":"instock","15":"taxable","16":"shipping-taxable","17":"product-type-simple"},"yoast_head":"<!-- This site is optimized with the Yoast SEO Premium plugin v15.0 - https:\/\/yoast.com\/wordpress\/plugins\/seo\/ -->\n<title>Consulta &gt; Abogados Penalistas Granda<\/title>\n<meta name=\"description\" content=\"Consultate Nuria Granda, responsabile dello studio legale penale di Madrid &#039;&#039;Granda &amp; Abogados&#039;&#039;. Contattateci! \u260e\ufe0f+34 609 096 503 \u27a4info@grandayasociados.com\" \/>\n<meta name=\"robots\" content=\"noindex, follow\" \/>\n<meta property=\"og:locale\" content=\"it_IT\" \/>\n<meta property=\"og:type\" content=\"article\" \/>\n<meta property=\"og:title\" content=\"Consulta &gt; Abogados Penalistas Granda\" \/>\n<meta property=\"og:description\" content=\"Consultate Nuria Granda, responsabile dello studio legale penale di Madrid &#039;&#039;Granda &amp; Abogados&#039;&#039;. Contattateci! \u260e\ufe0f+34 609 096 503 \u27a4info@grandayasociados.com\" \/>\n<meta property=\"og:url\" content=\"https:\/\/abogados-penalistas-granda.com\/it\/producto\/consulta\/\" \/>\n<meta property=\"og:site_name\" content=\"Abogados Penalistas Granda\" \/>\n<meta property=\"article:modified_time\" content=\"2023-05-31T09:37:10+00:00\" \/>\n<meta property=\"og:image\" content=\"https:\/\/abogados-penalistas-granda.com\/wp-content\/uploads\/2021\/06\/nuria.jpg\" \/>\n\t<meta property=\"og:image:width\" content=\"640\" \/>\n\t<meta property=\"og:image:height\" content=\"480\" \/>\n<meta name=\"twitter:card\" content=\"summary_large_image\" \/>\n<script type=\"application\/ld+json\" class=\"yoast-schema-graph\">{\"@context\":\"https:\/\/schema.org\",\"@graph\":[{\"@type\":\"Organization\",\"@id\":\"https:\/\/abogados-penalistas-granda.com\/it\/#organization\",\"name\":\"Granda & Asociados abogados penalistas\",\"url\":\"https:\/\/abogados-penalistas-granda.com\/it\/\",\"sameAs\":[],\"logo\":{\"@type\":\"ImageObject\",\"@id\":\"https:\/\/abogados-penalistas-granda.com\/it\/#logo\",\"inLanguage\":\"it-IT\",\"url\":\"https:\/\/abogados-penalistas-granda.com\/wp-content\/uploads\/2021\/07\/granda-logo.png\",\"width\":1124,\"height\":803,\"caption\":\"Granda & Asociados abogados penalistas\"},\"image\":{\"@id\":\"https:\/\/abogados-penalistas-granda.com\/it\/#logo\"}},{\"@type\":\"WebSite\",\"@id\":\"https:\/\/abogados-penalistas-granda.com\/it\/#website\",\"url\":\"https:\/\/abogados-penalistas-granda.com\/it\/\",\"name\":\"Abogados Penalistas Granda\",\"description\":\"Abogados defensores y acusaci\\u00f3n particular en italiano, ingl\\u00e9s, franc\\u00e9s y espa\\u00f1ol para todo tipo de delitos\",\"publisher\":{\"@id\":\"https:\/\/abogados-penalistas-granda.com\/it\/#organization\"},\"potentialAction\":[{\"@type\":\"SearchAction\",\"target\":\"https:\/\/abogados-penalistas-granda.com\/it\/?s={search_term_string}\",\"query-input\":\"required name=search_term_string\"}],\"inLanguage\":\"it-IT\"},{\"@type\":\"ImageObject\",\"@id\":\"https:\/\/abogados-penalistas-granda.com\/it\/producto\/consulta\/#primaryimage\",\"inLanguage\":\"it-IT\",\"url\":\"https:\/\/abogados-penalistas-granda.com\/wp-content\/uploads\/2021\/06\/nuria.jpg\",\"width\":640,\"height\":480},{\"@type\":\"WebPage\",\"@id\":\"https:\/\/abogados-penalistas-granda.com\/it\/producto\/consulta\/#webpage\",\"url\":\"https:\/\/abogados-penalistas-granda.com\/it\/producto\/consulta\/\",\"name\":\"Consulta &gt; Abogados Penalistas Granda\",\"isPartOf\":{\"@id\":\"https:\/\/abogados-penalistas-granda.com\/it\/#website\"},\"primaryImageOfPage\":{\"@id\":\"https:\/\/abogados-penalistas-granda.com\/it\/producto\/consulta\/#primaryimage\"},\"datePublished\":\"2021-09-24T08:25:59+00:00\",\"dateModified\":\"2023-05-31T09:37:10+00:00\",\"description\":\"Consultate Nuria Granda, responsabile dello studio legale penale di Madrid ''Granda & Abogados''. Contattateci! \\u260e\\ufe0f+34 609 096 503 \\u27a4info@grandayasociados.com\",\"breadcrumb\":{\"@id\":\"https:\/\/abogados-penalistas-granda.com\/it\/producto\/consulta\/#breadcrumb\"},\"inLanguage\":\"it-IT\",\"potentialAction\":[{\"@type\":\"ReadAction\",\"target\":[\"https:\/\/abogados-penalistas-granda.com\/it\/producto\/consulta\/\"]}]},{\"@type\":\"BreadcrumbList\",\"@id\":\"https:\/\/abogados-penalistas-granda.com\/it\/producto\/consulta\/#breadcrumb\",\"itemListElement\":[{\"@type\":\"ListItem\",\"position\":1,\"item\":{\"@type\":\"WebPage\",\"@id\":\"https:\/\/abogados-penalistas-granda.com\/it\/\",\"url\":\"https:\/\/abogados-penalistas-granda.com\/it\/\",\"name\":\"Granda y Asociados\"}},{\"@type\":\"ListItem\",\"position\":2,\"item\":{\"@type\":\"WebPage\",\"@id\":\"https:\/\/abogados-penalistas-granda.com\/tienda\/\",\"url\":\"https:\/\/abogados-penalistas-granda.com\/tienda\/\",\"name\":\"Tienda\"}},{\"@type\":\"ListItem\",\"position\":3,\"item\":{\"@type\":\"WebPage\",\"@id\":\"https:\/\/abogados-penalistas-granda.com\/it\/producto\/consulta\/\",\"url\":\"https:\/\/abogados-penalistas-granda.com\/it\/producto\/consulta\/\",\"name\":\"Consulta\"}}]}]}<\/script>\n<!-- \/ Yoast SEO Premium plugin. -->","_links":{"self":[{"href":"https:\/\/abogados-penalistas-granda.com\/it\/wp-json\/wp\/v2\/product\/4704","targetHints":{"allow":["GET"]}}],"collection":[{"href":"https:\/\/abogados-penalistas-granda.com\/it\/wp-json\/wp\/v2\/product"}],"about":[{"href":"https:\/\/abogados-penalistas-granda.com\/it\/wp-json\/wp\/v2\/types\/product"}],"version-history":[{"count":0,"href":"https:\/\/abogados-penalistas-granda.com\/it\/wp-json\/wp\/v2\/product\/4704\/revisions"}],"wp:featuredmedia":[{"embeddable":true,"href":"https:\/\/abogados-penalistas-granda.com\/it\/wp-json\/wp\/v2\/media\/4073"}],"wp:attachment":[{"href":"https:\/\/abogados-penalistas-granda.com\/it\/wp-json\/wp\/v2\/media?parent=4704"}],"wp:term":[{"taxonomy":"product_brand","embeddable":true,"href":"https:\/\/abogados-penalistas-granda.com\/it\/wp-json\/wp\/v2\/product_brand?post=4704"},{"taxonomy":"product_cat","embeddable":true,"href":"https:\/\/abogados-penalistas-granda.com\/it\/wp-json\/wp\/v2\/product_cat?post=4704"},{"taxonomy":"product_tag","embeddable":true,"href":"https:\/\/abogados-penalistas-granda.com\/it\/wp-json\/wp\/v2\/product_tag?post=4704"}],"curies":[{"name":"wp","href":"https:\/\/api.w.org\/{rel}","templated":true}]}}